{"id":202,"date":"2025-08-12T17:31:13","date_gmt":"2025-08-12T15:31:13","guid":{"rendered":"https:\/\/www.juttadeluxe.at\/?page_id=202"},"modified":"2025-08-14T11:09:57","modified_gmt":"2025-08-14T09:09:57","slug":"impressum","status":"publish","type":"page","link":"https:\/\/www.juttadeluxe.at\/en\/impressum\/","title":{"rendered":"Legal notice"},"content":{"rendered":"<div class=\"gb-container gb-container-98f354ca\"><div class=\"gb-inside-container\">\n\n<h1 class=\"gb-headline gb-headline-1ad421fc gb-headline-text\"><strong>IMPRESSUM<\/strong><\/h1>\n\n<\/div><\/div>\n\n<div class=\"gb-container gb-container-aefc59ab\"><div class=\"gb-inside-container\">\n\n<h4 class=\"wp-block-heading\"><strong>Jutta Deluxe GmbH<\/strong><\/h4>\n\n\n\n<p>Haunspergstra\u00dfe 45<br>5020 Salzburg<br>Austria<\/p>\n\n\n\n<p>Gesch\u00e4ftsf\u00fchrer: Christian Steiner &amp; Bettina Steiner<\/p>\n\n\n\n<p>UID-Nummer: ATU68765856<br>Firmenbuchnummer:&nbsp;415165M<br>Rechtsform: Gesellschaft mit beschr\u00e4nkter Haftung (GmbH)<br>Firmengericht:&nbsp;Landesgericht Salzburg<br>Beh\u00f6rde gem. ECG (E-Commerce-Gesetz): Magistrat der Stadt Salzburg<br>Fachgruppe: Werbung und Marktkommunikation<br>Mitglied der Wirtschaftskammer Salzburg<\/p>\n\n\n\n<p><\/p>\n\n\n\n<h4 class=\"wp-block-heading\"><strong>Haftungsausschluss\/Disclaimer<\/strong><\/h4>\n\n\n\n<p>Die Inhalte dieser Website wurden mit gr\u00f6\u00dfter Sorgfalt erstellt. F\u00fcr Richtigkeit, Vollst\u00e4ndigkeit und Aktualit\u00e4t dieser Inhalte kann seitens des Websitebetreibers keine Haftung \u00fcbernommen werden. Alle auf dieser Website ver\u00f6ffentlichten Inhalte unterliegen dem Schutz des jeweiligen Urhebers. Die Vervielf\u00e4ltigung, Bearbeitung und jede Art der Verwertung bed\u00fcrfen der Zustimmung des Websitebetreibers. Die hier aufgef\u00fchrten externen Links f\u00fchren zu Inhalten fremder Anbieter. F\u00fcr diese Inhalte ist allein der jeweilige Anbieter verantwortlich. Bei Bekanntwerden von Rechtsverletzungen werden diese Links umgehend entfernt.<\/p>\n\n\n\n<p><\/p>\n\n\n\n<h4 class=\"wp-block-heading\"><strong>Bildnachweis<\/strong><\/h4>\n\n\n\n<ul class=\"wp-block-list\">\n<li>Stockmedien von <a href=\"https:\/\/elements.envato.com\/\">Envato Elements<\/a><\/li>\n<\/ul>\n\n<\/div><\/div>","protected":false},"excerpt":{"rendered":"<p>IMPRESSUM Jutta Deluxe GmbH Haunspergstra\u00dfe 455020 SalzburgAustria Gesch\u00e4ftsf\u00fchrer: Christian Steiner &amp; Bettina Steiner UID-Nummer: ATU68765856Firmenbuchnummer:&nbsp;415165MRechtsform: Gesellschaft mit beschr\u00e4nkter Haftung (GmbH)Firmengericht:&nbsp;Landesgericht SalzburgBeh\u00f6rde gem. ECG (E-Commerce-Gesetz): Magistrat der Stadt SalzburgFachgruppe: Werbung und MarktkommunikationMitglied der Wirtschaftskammer Salzburg Haftungsausschluss\/Disclaimer Die Inhalte dieser Website wurden mit gr\u00f6\u00dfter Sorgfalt erstellt. F\u00fcr Richtigkeit, Vollst\u00e4ndigkeit und Aktualit\u00e4t dieser Inhalte kann seitens des Websitebetreibers &#8230; <a title=\"Legal notice\" class=\"read-more\" href=\"https:\/\/www.juttadeluxe.at\/en\/impressum\/\" aria-label=\"Read more about Legal notice\">Weiterlesen &#8230;<\/a><\/p>\n","protected":false},"author":3,"featured_media":0,"parent":0,"menu_order":0,"comment_status":"closed","ping_status":"closed","template":"","meta":{"footnotes":""},"class_list":["post-202","page","type-page","status-publish"],"_links":{"self":[{"href":"https:\/\/www.juttadeluxe.at\/en\/wp-json\/wp\/v2\/pages\/202","targetHints":{"allow":["GET"]}}],"collection":[{"href":"https:\/\/www.juttadeluxe.at\/en\/wp-json\/wp\/v2\/pages"}],"about":[{"href":"https:\/\/www.juttadeluxe.at\/en\/wp-json\/wp\/v2\/types\/page"}],"author":[{"embeddable":true,"href":"https:\/\/www.juttadeluxe.at\/en\/wp-json\/wp\/v2\/users\/3"}],"replies":[{"embeddable":true,"href":"https:\/\/www.juttadeluxe.at\/en\/wp-json\/wp\/v2\/comments?post=202"}],"version-history":[{"count":2,"href":"https:\/\/www.juttadeluxe.at\/en\/wp-json\/wp\/v2\/pages\/202\/revisions"}],"predecessor-version":[{"id":205,"href":"https:\/\/www.juttadeluxe.at\/en\/wp-json\/wp\/v2\/pages\/202\/revisions\/205"}],"wp:attachment":[{"href":"https:\/\/www.juttadeluxe.at\/en\/wp-json\/wp\/v2\/media?parent=202"}],"curies":[{"name":"wp","href":"https:\/\/api.w.org\/{rel}","templated":true}]}}